{"id":289,"date":"2024-01-18T12:40:37","date_gmt":"2024-01-18T12:40:37","guid":{"rendered":"http:\/\/anmeldung.ski-sport-zell.de\/?page_id=289"},"modified":"2026-01-09T15:45:37","modified_gmt":"2026-01-09T15:45:37","slug":"skikurs-2","status":"publish","type":"page","link":"http:\/\/anmeldung.ski-sport-zell.de\/?page_id=289","title":{"rendered":"Skikurs 2026 \/ 2027"},"content":{"rendered":"\n<p>wir bieten j\u00e4hrlich in den Weihnachtsferien einen Skikurs an.<\/p>\n\n\n\n<p>Wir fahren 4x nach S\u00f6ll (Wilder Kaiser) und lernen und f\u00f6rdern Kinder und Erwachsene. (\u00c4nderungen wetterbedingt m\u00f6glich)<\/p>\n\n\n\n<p>Am letzten Tag bestreiten die Kursteilnehmer mit ihren Gruppen ein Abschlussrennen und bekommen ein paar Tage sp\u00e4ter bei der Siegerehrung eine kleine Anerkennung und ein kleines Geschenk!<\/p>\n\n\n\n<p>wenn ihr Fragen habt, meldet euch gerne telefonisch oder per Whatsapp unter 01523 6779800. Speichere Dir gerne die Nummer ab und sei via Whatsapp jederzeit \u00fcber die neuesten Aktivit\u00e4ten informiert. <\/p>\n\n\n\n<p><\/p>\n\n\n\n<p id=\"block-1517c744-d296-46ba-8089-4c9809c5bc42\">SAVE THE DATE 2025\/2026 (vorbehaltlich \u00c4nderung)<\/p>\n\n\n\n<p><\/p>\n\n\n\n<p id=\"block-a2004bb7-048d-44da-a280-169f130ddc2a\">folgende Skikurstage sind geplant: <\/p>\n\n\n\n<p id=\"block-a2004bb7-048d-44da-a280-169f130ddc2a\">27. und 29.12.2026 sowie 2. und 4.1.2027. <\/p>\n\n\n\n<p id=\"block-a2004bb7-048d-44da-a280-169f130ddc2a\">Die Siegerehrung ist f\u00fcr den 10.01.2027 geplant.<\/p>\n","protected":false},"excerpt":{"rendered":"<p>wir bieten j\u00e4hrlich in den Weihnachtsferien einen Skikurs an. Wir fahren 4x nach S\u00f6ll (Wilder Kaiser) und lernen und f\u00f6rdern Kinder und Erwachsene. (\u00c4nderungen wetterbedingt m\u00f6glich) Am letzten Tag bestreiten die Kursteilnehmer mit ihren Gruppen ein Abschlussrennen und bekommen ein paar Tage sp\u00e4ter bei der Siegerehrung eine kleine Anerkennung und ein kleines Geschenk! wenn ihr &hellip; <\/p>\n<p class=\"link-more\"><a href=\"http:\/\/anmeldung.ski-sport-zell.de\/?page_id=289\" class=\"more-link\"><span class=\"screen-reader-text\">\u201eSkikurs 2026 \/ 2027\u201c<\/span> weiterlesen<\/a><\/p>\n","protected":false},"author":1,"featured_media":0,"parent":0,"menu_order":0,"comment_status":"closed","ping_status":"closed","template":"","meta":{"footnotes":""},"_links":{"self":[{"href":"http:\/\/anmeldung.ski-sport-zell.de\/index.php?rest_route=\/wp\/v2\/pages\/289"}],"collection":[{"href":"http:\/\/anmeldung.ski-sport-zell.de\/index.php?rest_route=\/wp\/v2\/pages"}],"about":[{"href":"http:\/\/anmeldung.ski-sport-zell.de\/index.php?rest_route=\/wp\/v2\/types\/page"}],"author":[{"embeddable":true,"href":"http:\/\/anmeldung.ski-sport-zell.de\/index.php?rest_route=\/wp\/v2\/users\/1"}],"replies":[{"embeddable":true,"href":"http:\/\/anmeldung.ski-sport-zell.de\/index.php?rest_route=%2Fwp%2Fv2%2Fcomments&post=289"}],"version-history":[{"count":5,"href":"http:\/\/anmeldung.ski-sport-zell.de\/index.php?rest_route=\/wp\/v2\/pages\/289\/revisions"}],"predecessor-version":[{"id":524,"href":"http:\/\/anmeldung.ski-sport-zell.de\/index.php?rest_route=\/wp\/v2\/pages\/289\/revisions\/524"}],"wp:attachment":[{"href":"http:\/\/anmeldung.ski-sport-zell.de\/index.php?rest_route=%2Fwp%2Fv2%2Fmedia&parent=289"}],"curies":[{"name":"wp","href":"https:\/\/api.w.org\/{rel}","templated":true}]}}