{"id":322,"date":"2024-01-18T13:51:55","date_gmt":"2024-01-18T13:51:55","guid":{"rendered":"http:\/\/anmeldung.ski-sport-zell.de\/?page_id=322"},"modified":"2026-01-09T15:26:51","modified_gmt":"2026-01-09T15:26:51","slug":"aktuelles-saisonprogramm","status":"publish","type":"page","link":"http:\/\/anmeldung.ski-sport-zell.de\/?page_id=322","title":{"rendered":"aktuelles Saisonprogramm"},"content":{"rendered":"\n<p>Saison 2025 \/ 2026<\/p>\n\n\n\n<div class=\"wp-block-group is-layout-constrained wp-block-group-is-layout-constrained\"><div class=\"wp-block-group__inner-container\">\n<p><strong>Skigymnastik:<\/strong>&nbsp;&nbsp;&nbsp;&nbsp;&nbsp; <\/p>\n\n\n\n<p>5x ab Freitag, 14.11.2025, 18:30h bis 19:30h in der Schulturnhalle in Griesbeckerzell.&nbsp;&nbsp;&nbsp;&nbsp;&nbsp;&nbsp;&nbsp;&nbsp;&nbsp;&nbsp;&nbsp;&nbsp;&nbsp;&nbsp;&nbsp;&nbsp;&nbsp;&nbsp;&nbsp;&nbsp;&nbsp;&nbsp;&nbsp;&nbsp; <\/p>\n\n\n\n<p>Letze Skigymnastik am Fr. 12.12.2025<\/p>\n<\/div><\/div>\n\n\n\n<div class=\"wp-block-group is-layout-constrained wp-block-group-is-layout-constrained\"><div class=\"wp-block-group__inner-container\">\n<p><strong>Jahreshauptversammlung mit Neuwahlen:<\/strong><\/p>\n\n\n\n<p>Sonntag, 16.11.2025 im Griesbeckerzeller Sch\u00fctzenheim (Beginn: 18:00h)<\/p>\n<\/div><\/div>\n\n\n\n<div class=\"wp-block-group is-layout-constrained wp-block-group-is-layout-constrained\"><div class=\"wp-block-group__inner-container\">\n<p><strong>Kurstermine (je nach Schneelage):<\/strong><strong><\/strong><\/p>\n\n\n\n<p>Samstag,&nbsp;20.12.2025 = 1. Skikursfahrt<\/p>\n\n\n\n<p>Samstag, 27.12.2025 = 2. Skikursfahrt<\/p>\n\n\n\n<p>Montag, 29.12.2025 = 3. Skikursfahrt<\/p>\n\n\n\n<p>Freitag, 02.01.2026 = 4. Skikursfahrt mit Abschlussrennen <\/p>\n\n\n\n<p>Dienstag, 06.01.2026 = Siegerehrung<\/p>\n\n\n\n<p><strong>Anmeldetermin f\u00fcr die Kurse:<\/strong><strong><\/strong><\/p>\n\n\n\n<p>Freitag, 05.12.2025 von 20h00 bis 20h30 nach der Skigymnastik im <strong>Griesbeckerzeller Sportheim<\/strong>. Bringt gerne schon die vorab ausgef\u00fcllten Anmeldeformulare (und ggf. Beitrittserkl\u00e4rung) mit. Alle Formulare sind unter www.ski-sport-zell.de verf\u00fcgbar.<\/p>\n<\/div><\/div>\n\n\n\n<div class=\"wp-block-group is-layout-constrained wp-block-group-is-layout-constrained\"><div class=\"wp-block-group__inner-container\">\n<p><strong>Sonstige Termine:<\/strong><\/p>\n\n\n\n<p>Sonntag, 07.12.2025: Einweisungsfahrt der Skilehrer<\/p>\n\n\n\n<p>Samstag, 17.01.2026: Vereinsmeisterschaft \/ Familienskifahrt nach Hinterthiersee\/Tirolina &#8211; Anmeldung OFFEN! <\/p>\n\n\n\n<p>Freitag, 27.2.&nbsp;bis Sonntag 1.03.2026: 3-Tagesfahrt Plose\/Obereggen\/Ratschings\/S\u00fcdtirol<\/p>\n<\/div><\/div>\n","protected":false},"excerpt":{"rendered":"<p>Saison 2025 \/ 2026 Skigymnastik:&nbsp;&nbsp;&nbsp;&nbsp;&nbsp; 5x ab Freitag, 14.11.2025, 18:30h bis 19:30h in der Schulturnhalle in Griesbeckerzell.&nbsp;&nbsp;&nbsp;&nbsp;&nbsp;&nbsp;&nbsp;&nbsp;&nbsp;&nbsp;&nbsp;&nbsp;&nbsp;&nbsp;&nbsp;&nbsp;&nbsp;&nbsp;&nbsp;&nbsp;&nbsp;&nbsp;&nbsp;&nbsp; Letze Skigymnastik am Fr. 12.12.2025 Jahreshauptversammlung mit Neuwahlen: Sonntag, 16.11.2025 im Griesbeckerzeller Sch\u00fctzenheim (Beginn: 18:00h) Kurstermine (je nach Schneelage): Samstag,&nbsp;20.12.2025 = 1. Skikursfahrt Samstag, 27.12.2025 = 2. Skikursfahrt Montag, 29.12.2025 = 3. Skikursfahrt Freitag, 02.01.2026 = 4. Skikursfahrt &hellip; <\/p>\n<p class=\"link-more\"><a href=\"http:\/\/anmeldung.ski-sport-zell.de\/?page_id=322\" class=\"more-link\"><span class=\"screen-reader-text\">\u201eaktuelles Saisonprogramm\u201c<\/span> weiterlesen<\/a><\/p>\n","protected":false},"author":1,"featured_media":0,"parent":0,"menu_order":0,"comment_status":"closed","ping_status":"closed","template":"","meta":{"footnotes":""},"_links":{"self":[{"href":"http:\/\/anmeldung.ski-sport-zell.de\/index.php?rest_route=\/wp\/v2\/pages\/322"}],"collection":[{"href":"http:\/\/anmeldung.ski-sport-zell.de\/index.php?rest_route=\/wp\/v2\/pages"}],"about":[{"href":"http:\/\/anmeldung.ski-sport-zell.de\/index.php?rest_route=\/wp\/v2\/types\/page"}],"author":[{"embeddable":true,"href":"http:\/\/anmeldung.ski-sport-zell.de\/index.php?rest_route=\/wp\/v2\/users\/1"}],"replies":[{"embeddable":true,"href":"http:\/\/anmeldung.ski-sport-zell.de\/index.php?rest_route=%2Fwp%2Fv2%2Fcomments&post=322"}],"version-history":[{"count":12,"href":"http:\/\/anmeldung.ski-sport-zell.de\/index.php?rest_route=\/wp\/v2\/pages\/322\/revisions"}],"predecessor-version":[{"id":508,"href":"http:\/\/anmeldung.ski-sport-zell.de\/index.php?rest_route=\/wp\/v2\/pages\/322\/revisions\/508"}],"wp:attachment":[{"href":"http:\/\/anmeldung.ski-sport-zell.de\/index.php?rest_route=%2Fwp%2Fv2%2Fmedia&parent=322"}],"curies":[{"name":"wp","href":"https:\/\/api.w.org\/{rel}","templated":true}]}}