{"id":350,"date":"2024-03-13T20:18:02","date_gmt":"2024-03-13T20:18:02","guid":{"rendered":"http:\/\/anmeldung.ski-sport-zell.de\/?page_id=350"},"modified":"2026-01-09T15:30:06","modified_gmt":"2026-01-09T15:30:06","slug":"3-tagesskifahrt-im-maerz","status":"publish","type":"page","link":"http:\/\/anmeldung.ski-sport-zell.de\/?page_id=350","title":{"rendered":"3-Tagesskifahrt vom 27.Februar &#8211; 1. M\u00e4rz 2026"},"content":{"rendered":"\n<div class=\"wp-block-group is-layout-constrained wp-block-group-is-layout-constrained\"><div class=\"wp-block-group__inner-container\">\n<div class=\"wp-block-group is-vertical is-layout-flex wp-container-core-group-layout-2 wp-block-group-is-layout-flex\">\n<div class=\"wp-block-group is-vertical is-layout-flex wp-container-core-group-layout-1 wp-block-group-is-layout-flex\">\n<p class=\"has-text-align-left\">Wir fahren wieder nach S\u00fcdtirol! <\/p>\n\n\n\n<p>Unsere Ziele werden Plose, Latemar\/Obereggen und Ratschings sein. (vorbehaltlich \u00c4nderungen)<\/p>\n\n\n\n<p><\/p>\n\n\n\n<p>Leistungen: <\/p>\n\n\n\n<p><br>Brotzeit mit einem Getr\u00e4nk bei Anreise<\/p>\n\n\n\n<p><br>Sonnenhotel Adler**** in Villanders <\/p>\n\n\n\n<p>Info unter www.sonnenhotel-adler.com<\/p>\n\n\n\n<p><br>2 \u00dcN mit HP ( Fr\u00fchst\u00fcck und Abendessen )<\/p>\n\n\n\n<p><br>Einzelzimmerzuschlag pro Tag: 40 \u20ac<\/p>\n\n\n\n<p><br>3 Tagesskipass<\/p>\n\n\n\n<p><br>Preise 520.- \u20ac pro Person im DZ ( inkl. Pfand der Liftkarten ) <br>Senioren 500.- \u20ac pro Person im DZ ( inkl. Pfand der Liftkarten )<\/p>\n\n\n\n<p><br>Bezahlung: bei Anmeldung in bar bei Bachmann Wolfgang in Haunswies<br>Anmeldung: info@ski-sport-zell.de oder 08207 8300 oder 016097906285<\/p>\n\n\n\n<p><br>Abfahrtszeiten werden noch bekannt gegeben !<\/p>\n<\/div>\n<\/div>\n<\/div><\/div>\n\n\n\n<div class=\"wp-block-group is-layout-constrained wp-block-group-is-layout-constrained\"><div class=\"wp-block-group__inner-container\"><\/div><\/div>\n\n\n\n<p><\/p>\n","protected":false},"excerpt":{"rendered":"<p>Wir fahren wieder nach S\u00fcdtirol! Unsere Ziele werden Plose, Latemar\/Obereggen und Ratschings sein. (vorbehaltlich \u00c4nderungen) Leistungen: Brotzeit mit einem Getr\u00e4nk bei Anreise Sonnenhotel Adler**** in Villanders Info unter www.sonnenhotel-adler.com 2 \u00dcN mit HP ( Fr\u00fchst\u00fcck und Abendessen ) Einzelzimmerzuschlag pro Tag: 40 \u20ac 3 Tagesskipass Preise 520.- \u20ac pro Person im DZ ( inkl. Pfand &hellip; <\/p>\n<p class=\"link-more\"><a href=\"http:\/\/anmeldung.ski-sport-zell.de\/?page_id=350\" class=\"more-link\"><span class=\"screen-reader-text\">\u201e3-Tagesskifahrt vom 27.Februar &#8211; 1. M\u00e4rz 2026\u201c<\/span> weiterlesen<\/a><\/p>\n","protected":false},"author":1,"featured_media":0,"parent":0,"menu_order":0,"comment_status":"closed","ping_status":"closed","template":"","meta":{"footnotes":""},"_links":{"self":[{"href":"http:\/\/anmeldung.ski-sport-zell.de\/index.php?rest_route=\/wp\/v2\/pages\/350"}],"collection":[{"href":"http:\/\/anmeldung.ski-sport-zell.de\/index.php?rest_route=\/wp\/v2\/pages"}],"about":[{"href":"http:\/\/anmeldung.ski-sport-zell.de\/index.php?rest_route=\/wp\/v2\/types\/page"}],"author":[{"embeddable":true,"href":"http:\/\/anmeldung.ski-sport-zell.de\/index.php?rest_route=\/wp\/v2\/users\/1"}],"replies":[{"embeddable":true,"href":"http:\/\/anmeldung.ski-sport-zell.de\/index.php?rest_route=%2Fwp%2Fv2%2Fcomments&post=350"}],"version-history":[{"count":9,"href":"http:\/\/anmeldung.ski-sport-zell.de\/index.php?rest_route=\/wp\/v2\/pages\/350\/revisions"}],"predecessor-version":[{"id":513,"href":"http:\/\/anmeldung.ski-sport-zell.de\/index.php?rest_route=\/wp\/v2\/pages\/350\/revisions\/513"}],"wp:attachment":[{"href":"http:\/\/anmeldung.ski-sport-zell.de\/index.php?rest_route=%2Fwp%2Fv2%2Fmedia&parent=350"}],"curies":[{"name":"wp","href":"https:\/\/api.w.org\/{rel}","templated":true}]}}