{"id":432,"date":"2025-01-06T12:01:57","date_gmt":"2025-01-06T12:01:57","guid":{"rendered":"http:\/\/anmeldung.ski-sport-zell.de\/?page_id=432"},"modified":"2026-01-09T15:45:49","modified_gmt":"2026-01-09T15:45:49","slug":"saison-2025-2026","status":"publish","type":"page","link":"http:\/\/anmeldung.ski-sport-zell.de\/?page_id=432","title":{"rendered":"Skikurs 2025\/2026"},"content":{"rendered":"\n<p>Die Anmeldung f\u00fcr die Skikurse 2025\/2026 findet am <\/p>\n\n\n\n<p><strong>5. Dezember um 20:00 Uhr im Zeller Sportheim<\/strong> statt. <\/p>\n\n\n\n<p>Bringt gerne die ausgef\u00fcllte Anmeldung (und Neumitglieder die Beitrittserkl\u00e4rung) mit. Das Formular kann online ausgef\u00fcllt werden. <\/p>\n\n\n\n<p><a href=\"http:\/\/anmeldung.ski-sport-zell.de\/wp-content\/uploads\/2025\/10\/Anmeldeformular-Skikurs.pdf\" data-type=\"attachment\" data-id=\"469\" target=\"_blank\" rel=\"noreferrer noopener\">Anmeldeformular Skikurs<\/a> <\/p>\n\n\n\n<p><a href=\"http:\/\/anmeldung.ski-sport-zell.de\/wp-content\/uploads\/2025\/10\/Beitrittserklaerung.pdf\" data-type=\"attachment\" data-id=\"468\" target=\"_blank\" rel=\"noreferrer noopener\">Beitrittserkl\u00e4rung<\/a><\/p>\n\n\n\n<p><\/p>\n\n\n\n<p class=\"has-text-align-center\"><strong>Skikurstermine<\/strong>:<\/p>\n\n\n\n<div class=\"wp-block-group is-layout-constrained wp-block-group-is-layout-constrained\"><div class=\"wp-block-group__inner-container\">\n<div class=\"wp-block-group is-layout-constrained wp-block-group-is-layout-constrained\"><div class=\"wp-block-group__inner-container\">\n<div class=\"wp-block-group is-nowrap is-layout-flex wp-container-core-group-layout-2 wp-block-group-is-layout-flex\">\n<div class=\"wp-block-columns is-layout-flex wp-container-core-columns-layout-1 wp-block-columns-is-layout-flex\">\n<div class=\"wp-block-column is-layout-flow wp-block-column-is-layout-flow\" style=\"flex-basis:100%\">\n<div class=\"wp-block-group is-layout-constrained wp-block-group-is-layout-constrained\"><div class=\"wp-block-group__inner-container\">\n<ul>\n<li>Skikurstag 1: Samstag, 20. Dezember 2025<\/li>\n\n\n\n<li>Skikurstag 2: Samstag, 27. Dezember 2025<\/li>\n\n\n\n<li>Skikurstag 3: Montag, 29. Dezember 2025<\/li>\n\n\n\n<li>Skikurstag 4: Freitag, 2. Januar 2026 mit Abschlussrennen<\/li>\n\n\n\n<li>Siegerehrung am Dienstag, 06.01.2026<\/li>\n<\/ul>\n<\/div><\/div>\n<\/div>\n<\/div>\n<\/div>\n<\/div><\/div>\n<\/div><\/div>\n\n\n\n<p><\/p>\n\n\n\n<p><strong>NEU<\/strong>: F\u00fcr die Planungssicherheit der Buspl\u00e4tze wird bei der Anmeldung zu den Skikursen der Busfahrtpreis von 32 Euro\/Person zus\u00e4tzlich zur Kursgeb\u00fchr f\u00fcr das Kind und die Begleitperson zu entrichten sein.<\/p>\n\n\n\n<p>Kursgeb\u00fchr bis 17 Jahre: 40 Euro<\/p>\n\n\n\n<p>Kursgeb\u00fchr ab 18 Jahre: 50 Euro<\/p>\n\n\n\n<p><\/p>\n\n\n\n<p>Beispiel: <\/p>\n\n\n\n<p>Kursgeb\u00fchr f\u00fcr 1 Kind und 1 Begleitperson f\u00fcr 4 Kurstage inkl. Busfahrten = 40 Euro + (2x 4x 32 Euro) = 296 Euro<\/p>\n\n\n\n<p>Kursgeb\u00fchr f\u00fcr 2 Kinder und 1 Begleitperson f\u00fcr 4 Kurstage inkl. Busfahrten = 80 Euro + (3x 4x 32 Euro) = 464 Euro<\/p>\n\n\n\n<p><\/p>\n\n\n\n<p>Wir bitten das entsprechende <strong>Bargeld <\/strong>passend bei der Anmeldung mitzubringen. <\/p>\n\n\n\n<p>F\u00fcr die bezahlten Busfahrten werden Pfandmarken ausgegeben. <\/p>\n","protected":false},"excerpt":{"rendered":"<p>Die Anmeldung f\u00fcr die Skikurse 2025\/2026 findet am 5. Dezember um 20:00 Uhr im Zeller Sportheim statt. Bringt gerne die ausgef\u00fcllte Anmeldung (und Neumitglieder die Beitrittserkl\u00e4rung) mit. Das Formular kann online ausgef\u00fcllt werden. Anmeldeformular Skikurs Beitrittserkl\u00e4rung Skikurstermine: NEU: F\u00fcr die Planungssicherheit der Buspl\u00e4tze wird bei der Anmeldung zu den Skikursen der Busfahrtpreis von 32 Euro\/Person &hellip; <\/p>\n<p class=\"link-more\"><a href=\"http:\/\/anmeldung.ski-sport-zell.de\/?page_id=432\" class=\"more-link\"><span class=\"screen-reader-text\">\u201eSkikurs 2025\/2026\u201c<\/span> weiterlesen<\/a><\/p>\n","protected":false},"author":1,"featured_media":0,"parent":289,"menu_order":1,"comment_status":"closed","ping_status":"closed","template":"","meta":{"footnotes":""},"_links":{"self":[{"href":"http:\/\/anmeldung.ski-sport-zell.de\/index.php?rest_route=\/wp\/v2\/pages\/432"}],"collection":[{"href":"http:\/\/anmeldung.ski-sport-zell.de\/index.php?rest_route=\/wp\/v2\/pages"}],"about":[{"href":"http:\/\/anmeldung.ski-sport-zell.de\/index.php?rest_route=\/wp\/v2\/types\/page"}],"author":[{"embeddable":true,"href":"http:\/\/anmeldung.ski-sport-zell.de\/index.php?rest_route=\/wp\/v2\/users\/1"}],"replies":[{"embeddable":true,"href":"http:\/\/anmeldung.ski-sport-zell.de\/index.php?rest_route=%2Fwp%2Fv2%2Fcomments&post=432"}],"version-history":[{"count":26,"href":"http:\/\/anmeldung.ski-sport-zell.de\/index.php?rest_route=\/wp\/v2\/pages\/432\/revisions"}],"predecessor-version":[{"id":525,"href":"http:\/\/anmeldung.ski-sport-zell.de\/index.php?rest_route=\/wp\/v2\/pages\/432\/revisions\/525"}],"up":[{"embeddable":true,"href":"http:\/\/anmeldung.ski-sport-zell.de\/index.php?rest_route=\/wp\/v2\/pages\/289"}],"wp:attachment":[{"href":"http:\/\/anmeldung.ski-sport-zell.de\/index.php?rest_route=%2Fwp%2Fv2%2Fmedia&parent=432"}],"curies":[{"name":"wp","href":"https:\/\/api.w.org\/{rel}","templated":true}]}}